{"id":21075,"date":"2024-02-21T09:07:21","date_gmt":"2024-02-21T09:07:21","guid":{"rendered":"https:\/\/www.iissbojano.edu.it\/site\/?page_id=21075"},"modified":"2024-02-22T15:37:59","modified_gmt":"2024-02-22T15:37:59","slug":"direttore-sga","status":"publish","type":"page","link":"https:\/\/www.iissbojano.edu.it\/site\/scuola\/le-persone\/direttore-sga\/","title":{"rendered":"Direttore SGA"},"content":{"rendered":"\t\t<div data-elementor-type=\"wp-page\" data-elementor-id=\"21075\" class=\"elementor elementor-21075\" data-elementor-post-type=\"page\">\n\t\t\t\t\t\t<section class=\"has_eae_slider elementor-section elementor-top-section elementor-element elementor-element-103c055 elementor-section-boxed elementor-section-height-default elementor-section-height-default\" data-eae-slider=\"17480\" data-id=\"103c055\" data-element_type=\"section\" data-settings=\"{&quot;background_background&quot;:&quot;classic&quot;}\">\n\t\t\t\t\t\t<div class=\"elementor-container elementor-column-gap-default\">\n\t\t\t\t\t<div class=\"has_eae_slider elementor-column elementor-col-100 elementor-top-column elementor-element elementor-element-2808a98\" data-eae-slider=\"95060\" data-id=\"2808a98\" data-element_type=\"column\">\n\t\t\t<div class=\"elementor-widget-wrap elementor-element-populated\">\n\t\t\t\t\t\t<div class=\"elementor-element elementor-element-c7d0efa elementor-widget elementor-widget-html\" data-id=\"c7d0efa\" data-element_type=\"widget\" data-widget_type=\"html.default\">\n\t\t\t\t<div class=\"elementor-widget-container\">\n\t\t\t\t\t<ul class=\"breadcrumb\" data-element=\"breadcrumb\">\n  <li><a href=\"https:\/\/www.iissbojano.edu.it\/site\/\">Home<\/a><\/li>\n       <li><a href=\"https:\/\/www.iissbojano.edu.it\/site\/scuola\">Scuola<\/a><\/li>\n        <li><a href=\"https:\/\/www.iissbojano.edu.it\/site\/scuola\/le-persone\">Le persone<\/a><\/li>\n  <li>Direttore SGA<\/li>\n<\/ul>\n\n<style>\n    ul.breadcrumb {\n  list-style: none;\n  vertical-align: center !important;\n}\n\n\/* Display list items side by side *\/\nul.breadcrumb li {\n  display: inline;\n  font-family: \"Titillium Web\", Sans-serif;\nfont-size: 16px;\nline-height: 1.5;\nfont-weight: 400;\ncolor: #656566;\nvertical-align: center !important;\n}\n\n\/* Add a slash symbol (\/) before\/behind each list item *\/\nul.breadcrumb li+li:before {\n  padding: 5px;\n  color: #455B71;\n  content: \"\/\\00a0\";\n}\n\n\/* Add a color to all links inside the list *\/\nul.breadcrumb li a {\n  font-family: \"Titillium Web\", Sans-serif;\nfont-size:  16px;\n  color: #455B71;\n  font-weight: 600;\n  line-height: 1.5;\n  vertical-align: center !important;\n\n}\n\n\/* Add a color on mouse-over *\/\nul.breadcrumb li a:hover {\n  color: #004080;\n  text-decoration: underline;\n  vertical-align: center !important;\n\n}\n<\/style>\t\t\t\t<\/div>\n\t\t\t\t<\/div>\n\t\t\t\t\t<\/div>\n\t\t<\/div>\n\t\t\t\t\t<\/div>\n\t\t<\/section>\n\t\t\t\t<section class=\"has_eae_slider elementor-section elementor-top-section elementor-element elementor-element-cb90586 elementor-section-boxed elementor-section-height-default elementor-section-height-default\" data-eae-slider=\"97904\" data-id=\"cb90586\" data-element_type=\"section\" data-settings=\"{&quot;background_background&quot;:&quot;classic&quot;}\">\n\t\t\t\t\t\t<div class=\"elementor-container elementor-column-gap-default\">\n\t\t\t\t\t<div class=\"has_eae_slider elementor-column elementor-col-33 elementor-top-column elementor-element elementor-element-c00bbbc\" data-eae-slider=\"80205\" data-id=\"c00bbbc\" data-element_type=\"column\">\n\t\t\t<div class=\"elementor-widget-wrap elementor-element-populated\">\n\t\t\t\t\t\t<div class=\"elementor-element elementor-element-c4c4174 elementor-widget elementor-widget-spacer\" data-id=\"c4c4174\" data-element_type=\"widget\" data-widget_type=\"spacer.default\">\n\t\t\t\t<div class=\"elementor-widget-container\">\n\t\t\t\t\t\t\t<div class=\"elementor-spacer\">\n\t\t\t<div class=\"elementor-spacer-inner\"><\/div>\n\t\t<\/div>\n\t\t\t\t\t\t<\/div>\n\t\t\t\t<\/div>\n\t\t\t\t<div class=\"elementor-element elementor-element-a38c6fa elementor-widget elementor-widget-image\" data-id=\"a38c6fa\" data-element_type=\"widget\" data-widget_type=\"image.default\">\n\t\t\t\t<div class=\"elementor-widget-container\">\n\t\t\t\t\t\t\t\t\t\t\t\t\t\t\t<img fetchpriority=\"high\" decoding=\"async\" width=\"250\" height=\"250\" src=\"https:\/\/www.iissbojano.edu.it\/site\/wp-content\/uploads\/2024\/02\/42a3acc6805900674387fb87a52c4308.jpg\" class=\"attachment-large size-large wp-image-21220\" alt=\"\" srcset=\"https:\/\/www.iissbojano.edu.it\/site\/wp-content\/uploads\/2024\/02\/42a3acc6805900674387fb87a52c4308.jpg 250w, https:\/\/www.iissbojano.edu.it\/site\/wp-content\/uploads\/2024\/02\/42a3acc6805900674387fb87a52c4308-150x150.jpg 150w\" sizes=\"(max-width: 250px) 100vw, 250px\" \/>\t\t\t\t\t\t\t\t\t\t\t\t\t\t\t<\/div>\n\t\t\t\t<\/div>\n\t\t\t\t<div class=\"elementor-element elementor-element-7f82741 elementor-widget elementor-widget-spacer\" data-id=\"7f82741\" data-element_type=\"widget\" data-widget_type=\"spacer.default\">\n\t\t\t\t<div class=\"elementor-widget-container\">\n\t\t\t\t\t\t\t<div class=\"elementor-spacer\">\n\t\t\t<div class=\"elementor-spacer-inner\"><\/div>\n\t\t<\/div>\n\t\t\t\t\t\t<\/div>\n\t\t\t\t<\/div>\n\t\t\t\t\t<\/div>\n\t\t<\/div>\n\t\t\t\t<div class=\"has_eae_slider elementor-column elementor-col-66 elementor-top-column elementor-element elementor-element-08aac77\" data-eae-slider=\"38187\" data-id=\"08aac77\" data-element_type=\"column\">\n\t\t\t<div class=\"elementor-widget-wrap elementor-element-populated\">\n\t\t\t\t\t\t<div class=\"elementor-element elementor-element-70fcafa elementor-widget elementor-widget-heading\" data-id=\"70fcafa\" data-element_type=\"widget\" data-widget_type=\"heading.default\">\n\t\t\t\t<div class=\"elementor-widget-container\">\n\t\t\t\t\t<h2 class=\"elementor-heading-title elementor-size-default\">Dr. Domenico Petrucci<\/h2>\t\t\t\t<\/div>\n\t\t\t\t<\/div>\n\t\t\t\t<div class=\"elementor-element elementor-element-ac8262f elementor-widget elementor-widget-heading\" data-id=\"ac8262f\" data-element_type=\"widget\" data-widget_type=\"heading.default\">\n\t\t\t\t<div class=\"elementor-widget-container\">\n\t\t\t\t\t<h2 class=\"elementor-heading-title elementor-size-default\">Direttore S.G.A.<\/h2>\t\t\t\t<\/div>\n\t\t\t\t<\/div>\n\t\t\t\t\t<\/div>\n\t\t<\/div>\n\t\t\t\t\t<\/div>\n\t\t<\/section>\n\t\t\t\t<section class=\"has_eae_slider elementor-section elementor-top-section elementor-element elementor-element-141339c elementor-section-boxed elementor-section-height-default elementor-section-height-default\" data-eae-slider=\"45028\" data-id=\"141339c\" data-element_type=\"section\">\n\t\t\t\t\t\t<div class=\"elementor-container elementor-column-gap-default\">\n\t\t\t\t\t<div class=\"has_eae_slider elementor-column elementor-col-33 elementor-top-column elementor-element elementor-element-e2b7957\" data-eae-slider=\"29398\" data-id=\"e2b7957\" data-element_type=\"column\" id=\"colonna\">\n\t\t\t<div class=\"elementor-widget-wrap elementor-element-populated\">\n\t\t\t\t\t\t<div class=\"elementor-element elementor-element-b15506e elementor-widget elementor-widget-eael-adv-accordion\" data-id=\"b15506e\" data-element_type=\"widget\" data-settings=\"{&quot;sticky&quot;:&quot;top&quot;,&quot;sticky_on&quot;:[&quot;desktop&quot;],&quot;sticky_offset&quot;:100,&quot;sticky_effects_offset&quot;:0,&quot;sticky_anchor_link_offset&quot;:0}\" data-widget_type=\"eael-adv-accordion.default\">\n\t\t\t\t<div class=\"elementor-widget-container\">\n\t\t\t\t\t        <div class=\"eael-adv-accordion\" id=\"eael-adv-accordion-b15506e\" data-scroll-on-click=\"no\" data-scroll-speed=\"300\" data-accordion-id=\"b15506e\" data-accordion-type=\"accordion\" data-toogle-speed=\"300\">\n    <div class=\"eael-accordion-list\">\n                <div id=\"dettagli-della-persona\" class=\"elementor-tab-title eael-accordion-header\" tabindex=\"0\" data-tab=\"1\" aria-controls=\"elementor-tab-content-1851\"><span class=\"eael-advanced-accordion-icon-closed\"><\/span><span class=\"eael-advanced-accordion-icon-opened\"><\/span><span class=\"eael-accordion-tab-title\">Dettagli della persona<\/span><i aria-hidden=\"true\" class=\"fa-toggle fas fa-angle-down\"><\/i><\/div><div id=\"elementor-tab-content-1851\" class=\"eael-accordion-content clearfix\" data-tab=\"1\" aria-labelledby=\"dettagli-della-persona\"><p><a style=\"color: #d1344c;\" href=\"#cosafa\">Cosa fa<\/a><\/p><p><a style=\"color: #d1344c;\" href=\"#organizzazione\">Organizzazione e contatti<\/a><\/p><\/div>\n                <\/div><\/div>\t\t\t\t<\/div>\n\t\t\t\t<\/div>\n\t\t\t\t\t<\/div>\n\t\t<\/div>\n\t\t\t\t<div class=\"has_eae_slider elementor-column elementor-col-66 elementor-top-column elementor-element elementor-element-7b0174f\" data-eae-slider=\"29927\" data-id=\"7b0174f\" data-element_type=\"column\">\n\t\t\t<div class=\"elementor-widget-wrap elementor-element-populated\">\n\t\t\t\t\t\t<div class=\"elementor-element elementor-element-613bfa6 elementor-widget elementor-widget-spacer\" data-id=\"613bfa6\" data-element_type=\"widget\" data-widget_type=\"spacer.default\">\n\t\t\t\t<div class=\"elementor-widget-container\">\n\t\t\t\t\t\t\t<div class=\"elementor-spacer\">\n\t\t\t<div class=\"elementor-spacer-inner\"><\/div>\n\t\t<\/div>\n\t\t\t\t\t\t<\/div>\n\t\t\t\t<\/div>\n\t\t\t\t<div class=\"elementor-element elementor-element-66f4294 elementor-widget elementor-widget-heading\" data-id=\"66f4294\" data-element_type=\"widget\" id=\"cosafa\" data-widget_type=\"heading.default\">\n\t\t\t\t<div class=\"elementor-widget-container\">\n\t\t\t\t\t<h2 class=\"elementor-heading-title elementor-size-default\">Cosa fa<\/h2>\t\t\t\t<\/div>\n\t\t\t\t<\/div>\n\t\t\t\t<div class=\"elementor-element elementor-element-4074d74 elementor-widget elementor-widget-text-editor\" data-id=\"4074d74\" data-element_type=\"widget\" data-widget_type=\"text-editor.default\">\n\t\t\t\t<div class=\"elementor-widget-container\">\n\t\t\t\t\t\t\t\t\t<p>Il Direttore dei Servizi Generali e Amministrativi, noto con l\u2019acronimo di DSGA, \u00e8 una figura che fa parte dell\u2019organico delle scuole di ogni ordine e grado. Si tratta di un particolare profilo professionale che si occupa dell\u2019organizzazione dei servizi generali e amministrativo-contabili ed \u00e8 alle dipendenze del Dirigente scolastico, del quale segue le direttive. Tuttavia, \u00e8 un profilo che gode di autonomia operativa e gestisce tutto il personale ATA (Amministrativo, Tecnico e Ausiliario) di cui fa parte e del quale coordina le attivit\u00e0, verificando il conseguimento degli obiettivi assegnati a questa tipologia di personale.<\/p><p>Tra le principali mansioni del profilo del DSGA compaiono dunque:<\/p><p>la direzione del personale ATA;<br \/>l&#8217;organizzazione e la predisposizione dei servizi scolastici di tipo contabile e amministrativo e delle varie attivit\u00e0 tecniche dell\u2019istituto in cui lavora;<br \/>la pianificazione di ogni attivit\u00e0 richiesta dal Dirigente scolastico.<br \/>Quello del DSGA \u00e8 un ruolo spesso complesso e con molte responsabilit\u00e0. Infatti, il Direttore dei Servizi Generali e Amministrativi pu\u00f2 svolgere anche:<\/p><p>attivit\u00e0 di studio o di elaborazione di piani che richiedono specifica specializzazione professionale;<br \/>attivit\u00e0 tutoriali, di aggiornamento e formazione nei confronti del personale della scuola;<br \/>attivit\u00e0 di inventario dei beni mobili (il DSGA \u00e8 anche Funzionario delegato);<br \/>incarichi di tipo ispettivo nell\u2019ambito delle istituzioni scolastiche.<br \/>Inoltre, il DSGA ricopre anche il ruolo di membro e segretario verbalizzante della Giunta esecutiva, organo collegiale che ha il compito di proporre il Programma annuale al Consiglio di istituto.<\/p>\t\t\t\t\t\t\t\t<\/div>\n\t\t\t\t<\/div>\n\t\t\t\t<div class=\"elementor-element elementor-element-b19ba7e elementor-widget elementor-widget-spacer\" data-id=\"b19ba7e\" data-element_type=\"widget\" data-widget_type=\"spacer.default\">\n\t\t\t\t<div class=\"elementor-widget-container\">\n\t\t\t\t\t\t\t<div class=\"elementor-spacer\">\n\t\t\t<div class=\"elementor-spacer-inner\"><\/div>\n\t\t<\/div>\n\t\t\t\t\t\t<\/div>\n\t\t\t\t<\/div>\n\t\t\t\t<div class=\"elementor-element elementor-element-0e2d11d elementor-widget elementor-widget-heading\" data-id=\"0e2d11d\" data-element_type=\"widget\" id=\"organizzazione\" data-widget_type=\"heading.default\">\n\t\t\t\t<div class=\"elementor-widget-container\">\n\t\t\t\t\t<h2 class=\"elementor-heading-title elementor-size-default\">Organizzazione e contatti<\/h2>\t\t\t\t<\/div>\n\t\t\t\t<\/div>\n\t\t\t\t<div class=\"elementor-element elementor-element-8b521d5 elementor-widget elementor-widget-heading\" data-id=\"8b521d5\" data-element_type=\"widget\" data-widget_type=\"heading.default\">\n\t\t\t\t<div class=\"elementor-widget-container\">\n\t\t\t\t\t<h2 class=\"elementor-heading-title elementor-size-default\">Assistenti amministrativi<\/h2>\t\t\t\t<\/div>\n\t\t\t\t<\/div>\n\t\t\t\t<section class=\"has_eae_slider elementor-section elementor-inner-section elementor-element elementor-element-b8c28db elementor-section-full_width elementor-section-height-default elementor-section-height-default\" data-eae-slider=\"19541\" data-id=\"b8c28db\" data-element_type=\"section\">\n\t\t\t\t\t\t<div class=\"elementor-container elementor-column-gap-default\">\n\t\t\t\t\t<div class=\"has_eae_slider elementor-column elementor-col-33 elementor-inner-column elementor-element elementor-element-d62f869\" data-eae-slider=\"82523\" data-id=\"d62f869\" data-element_type=\"column\">\n\t\t\t<div class=\"elementor-widget-wrap elementor-element-populated\">\n\t\t\t\t\t\t<div class=\"elementor-element elementor-element-ba50829 elementor-position-left elementor-view-default elementor-mobile-position-top elementor-widget elementor-widget-icon-box\" data-id=\"ba50829\" data-element_type=\"widget\" data-widget_type=\"icon-box.default\">\n\t\t\t\t<div class=\"elementor-widget-container\">\n\t\t\t\t\t\t\t<div class=\"elementor-icon-box-wrapper\">\n\n\t\t\t\t\t\t<div class=\"elementor-icon-box-icon\">\n\t\t\t\t<span  class=\"elementor-icon\">\n\t\t\t\t<svg xmlns=\"http:\/\/www.w3.org\/2000\/svg\" xmlns:xlink=\"http:\/\/www.w3.org\/1999\/xlink\" xmlns:serif=\"http:\/\/www.serif.com\/\" width=\"100%\" height=\"100%\" viewBox=\"0 0 32 32\" xml:space=\"preserve\" style=\"fill-rule:evenodd;clip-rule:evenodd;stroke-linejoin:round;stroke-miterlimit:1.41421;\"><rect id=\"Rectangle-path\" x=\"0\" y=\"0.035\" width=\"32\" height=\"32\" style=\"fill:none;\"><\/rect><path d=\"M16,16c4.419,0 8,-3.581 8,-8c0,-4.419 -3.581,-8 -8,-8c-4.419,0 -8,3.581 -8,8c0,4.419 3.581,8 8,8Zm5.6,2l-1.044,0c-1.387,0.637 -2.931,1 -4.556,1c-1.625,0 -3.162,-0.363 -4.556,-1l-1.044,0c-4.637,0 -8.4,3.762 -8.4,8.4l0,2.6c0,1.656 1.344,3 3,3l22,0c1.656,0 3,-1.344 3,-3l0,-2.6c0,-4.637 -3.762,-8.4 -8.4,-8.4Z\" style=\"fill-rule:nonzero;\"><\/path><\/svg>\t\t\t\t<\/span>\n\t\t\t<\/div>\n\t\t\t\n\t\t\t\t\t\t<div class=\"elementor-icon-box-content\">\n\n\t\t\t\t\t\t\t\t\t<h3 class=\"elementor-icon-box-title\">\n\t\t\t\t\t\t<span  >\n\t\t\t\t\t\t\tRoberta Angelocola\t\t\t\t\t\t<\/span>\n\t\t\t\t\t<\/h3>\n\t\t\t\t\n\t\t\t\t\n\t\t\t<\/div>\n\t\t\t\n\t\t<\/div>\n\t\t\t\t\t\t<\/div>\n\t\t\t\t<\/div>\n\t\t\t\t\t<\/div>\n\t\t<\/div>\n\t\t\t\t<div class=\"has_eae_slider elementor-column elementor-col-33 elementor-inner-column elementor-element elementor-element-2cd9272\" data-eae-slider=\"16142\" data-id=\"2cd9272\" data-element_type=\"column\">\n\t\t\t<div class=\"elementor-widget-wrap elementor-element-populated\">\n\t\t\t\t\t\t<div class=\"elementor-element elementor-element-ac19d4d elementor-position-left elementor-view-default elementor-mobile-position-top elementor-widget elementor-widget-icon-box\" data-id=\"ac19d4d\" data-element_type=\"widget\" data-widget_type=\"icon-box.default\">\n\t\t\t\t<div class=\"elementor-widget-container\">\n\t\t\t\t\t\t\t<div class=\"elementor-icon-box-wrapper\">\n\n\t\t\t\t\t\t<div class=\"elementor-icon-box-icon\">\n\t\t\t\t<span  class=\"elementor-icon\">\n\t\t\t\t<svg xmlns=\"http:\/\/www.w3.org\/2000\/svg\" xmlns:xlink=\"http:\/\/www.w3.org\/1999\/xlink\" xmlns:serif=\"http:\/\/www.serif.com\/\" width=\"100%\" height=\"100%\" viewBox=\"0 0 32 32\" xml:space=\"preserve\" style=\"fill-rule:evenodd;clip-rule:evenodd;stroke-linejoin:round;stroke-miterlimit:1.41421;\"><rect id=\"Rectangle-path\" x=\"0\" y=\"0.035\" width=\"32\" height=\"32\" style=\"fill:none;\"><\/rect><path d=\"M16,16c4.419,0 8,-3.581 8,-8c0,-4.419 -3.581,-8 -8,-8c-4.419,0 -8,3.581 -8,8c0,4.419 3.581,8 8,8Zm5.6,2l-1.044,0c-1.387,0.637 -2.931,1 -4.556,1c-1.625,0 -3.162,-0.363 -4.556,-1l-1.044,0c-4.637,0 -8.4,3.762 -8.4,8.4l0,2.6c0,1.656 1.344,3 3,3l22,0c1.656,0 3,-1.344 3,-3l0,-2.6c0,-4.637 -3.762,-8.4 -8.4,-8.4Z\" style=\"fill-rule:nonzero;\"><\/path><\/svg>\t\t\t\t<\/span>\n\t\t\t<\/div>\n\t\t\t\n\t\t\t\t\t\t<div class=\"elementor-icon-box-content\">\n\n\t\t\t\t\t\t\t\t\t<h3 class=\"elementor-icon-box-title\">\n\t\t\t\t\t\t<span  >\n\t\t\t\t\t\t\tMariateresa Capasso\t\t\t\t\t\t<\/span>\n\t\t\t\t\t<\/h3>\n\t\t\t\t\n\t\t\t\t\n\t\t\t<\/div>\n\t\t\t\n\t\t<\/div>\n\t\t\t\t\t\t<\/div>\n\t\t\t\t<\/div>\n\t\t\t\t\t<\/div>\n\t\t<\/div>\n\t\t\t\t<div class=\"has_eae_slider elementor-column elementor-col-33 elementor-inner-column elementor-element elementor-element-c537b37\" data-eae-slider=\"47420\" data-id=\"c537b37\" data-element_type=\"column\">\n\t\t\t<div class=\"elementor-widget-wrap elementor-element-populated\">\n\t\t\t\t\t\t<div class=\"elementor-element elementor-element-020be78 elementor-position-left elementor-view-default elementor-mobile-position-top elementor-widget elementor-widget-icon-box\" data-id=\"020be78\" data-element_type=\"widget\" data-widget_type=\"icon-box.default\">\n\t\t\t\t<div class=\"elementor-widget-container\">\n\t\t\t\t\t\t\t<div class=\"elementor-icon-box-wrapper\">\n\n\t\t\t\t\t\t<div class=\"elementor-icon-box-icon\">\n\t\t\t\t<span  class=\"elementor-icon\">\n\t\t\t\t<svg xmlns=\"http:\/\/www.w3.org\/2000\/svg\" xmlns:xlink=\"http:\/\/www.w3.org\/1999\/xlink\" xmlns:serif=\"http:\/\/www.serif.com\/\" width=\"100%\" height=\"100%\" viewBox=\"0 0 32 32\" xml:space=\"preserve\" style=\"fill-rule:evenodd;clip-rule:evenodd;stroke-linejoin:round;stroke-miterlimit:1.41421;\"><rect id=\"Rectangle-path\" x=\"0\" y=\"0.035\" width=\"32\" height=\"32\" style=\"fill:none;\"><\/rect><path d=\"M16,16c4.419,0 8,-3.581 8,-8c0,-4.419 -3.581,-8 -8,-8c-4.419,0 -8,3.581 -8,8c0,4.419 3.581,8 8,8Zm5.6,2l-1.044,0c-1.387,0.637 -2.931,1 -4.556,1c-1.625,0 -3.162,-0.363 -4.556,-1l-1.044,0c-4.637,0 -8.4,3.762 -8.4,8.4l0,2.6c0,1.656 1.344,3 3,3l22,0c1.656,0 3,-1.344 3,-3l0,-2.6c0,-4.637 -3.762,-8.4 -8.4,-8.4Z\" style=\"fill-rule:nonzero;\"><\/path><\/svg>\t\t\t\t<\/span>\n\t\t\t<\/div>\n\t\t\t\n\t\t\t\t\t\t<div class=\"elementor-icon-box-content\">\n\n\t\t\t\t\t\t\t\t\t<h3 class=\"elementor-icon-box-title\">\n\t\t\t\t\t\t<span  >\n\t\t\t\t\t\t\tAlessandra Guadalupi\t\t\t\t\t\t<\/span>\n\t\t\t\t\t<\/h3>\n\t\t\t\t\n\t\t\t\t\n\t\t\t<\/div>\n\t\t\t\n\t\t<\/div>\n\t\t\t\t\t\t<\/div>\n\t\t\t\t<\/div>\n\t\t\t\t\t<\/div>\n\t\t<\/div>\n\t\t\t\t\t<\/div>\n\t\t<\/section>\n\t\t\t\t<section class=\"has_eae_slider elementor-section elementor-inner-section elementor-element elementor-element-7b34ab0 elementor-section-full_width elementor-section-height-default elementor-section-height-default\" data-eae-slider=\"38594\" data-id=\"7b34ab0\" data-element_type=\"section\">\n\t\t\t\t\t\t<div class=\"elementor-container elementor-column-gap-default\">\n\t\t\t\t\t<div class=\"has_eae_slider elementor-column elementor-col-33 elementor-inner-column elementor-element elementor-element-3f676d8\" data-eae-slider=\"94465\" data-id=\"3f676d8\" data-element_type=\"column\">\n\t\t\t<div class=\"elementor-widget-wrap elementor-element-populated\">\n\t\t\t\t\t\t<div class=\"elementor-element elementor-element-bfa1e57 elementor-position-left elementor-view-default elementor-mobile-position-top elementor-widget elementor-widget-icon-box\" data-id=\"bfa1e57\" data-element_type=\"widget\" data-widget_type=\"icon-box.default\">\n\t\t\t\t<div class=\"elementor-widget-container\">\n\t\t\t\t\t\t\t<div class=\"elementor-icon-box-wrapper\">\n\n\t\t\t\t\t\t<div class=\"elementor-icon-box-icon\">\n\t\t\t\t<span  class=\"elementor-icon\">\n\t\t\t\t<svg xmlns=\"http:\/\/www.w3.org\/2000\/svg\" xmlns:xlink=\"http:\/\/www.w3.org\/1999\/xlink\" xmlns:serif=\"http:\/\/www.serif.com\/\" width=\"100%\" height=\"100%\" viewBox=\"0 0 32 32\" xml:space=\"preserve\" style=\"fill-rule:evenodd;clip-rule:evenodd;stroke-linejoin:round;stroke-miterlimit:1.41421;\"><rect id=\"Rectangle-path\" x=\"0\" y=\"0.035\" width=\"32\" height=\"32\" style=\"fill:none;\"><\/rect><path d=\"M16,16c4.419,0 8,-3.581 8,-8c0,-4.419 -3.581,-8 -8,-8c-4.419,0 -8,3.581 -8,8c0,4.419 3.581,8 8,8Zm5.6,2l-1.044,0c-1.387,0.637 -2.931,1 -4.556,1c-1.625,0 -3.162,-0.363 -4.556,-1l-1.044,0c-4.637,0 -8.4,3.762 -8.4,8.4l0,2.6c0,1.656 1.344,3 3,3l22,0c1.656,0 3,-1.344 3,-3l0,-2.6c0,-4.637 -3.762,-8.4 -8.4,-8.4Z\" style=\"fill-rule:nonzero;\"><\/path><\/svg>\t\t\t\t<\/span>\n\t\t\t<\/div>\n\t\t\t\n\t\t\t\t\t\t<div class=\"elementor-icon-box-content\">\n\n\t\t\t\t\t\t\t\t\t<h3 class=\"elementor-icon-box-title\">\n\t\t\t\t\t\t<span  >\n\t\t\t\t\t\t\tMaria Russo\t\t\t\t\t\t<\/span>\n\t\t\t\t\t<\/h3>\n\t\t\t\t\n\t\t\t\t\n\t\t\t<\/div>\n\t\t\t\n\t\t<\/div>\n\t\t\t\t\t\t<\/div>\n\t\t\t\t<\/div>\n\t\t\t\t\t<\/div>\n\t\t<\/div>\n\t\t\t\t<div class=\"has_eae_slider elementor-column elementor-col-33 elementor-inner-column elementor-element elementor-element-3e5fc69\" data-eae-slider=\"80329\" data-id=\"3e5fc69\" data-element_type=\"column\">\n\t\t\t<div class=\"elementor-widget-wrap elementor-element-populated\">\n\t\t\t\t\t\t<div class=\"elementor-element elementor-element-c1a0529 elementor-position-left elementor-view-default elementor-mobile-position-top elementor-widget elementor-widget-icon-box\" data-id=\"c1a0529\" data-element_type=\"widget\" data-widget_type=\"icon-box.default\">\n\t\t\t\t<div class=\"elementor-widget-container\">\n\t\t\t\t\t\t\t<div class=\"elementor-icon-box-wrapper\">\n\n\t\t\t\t\t\t<div class=\"elementor-icon-box-icon\">\n\t\t\t\t<span  class=\"elementor-icon\">\n\t\t\t\t<svg xmlns=\"http:\/\/www.w3.org\/2000\/svg\" xmlns:xlink=\"http:\/\/www.w3.org\/1999\/xlink\" xmlns:serif=\"http:\/\/www.serif.com\/\" width=\"100%\" height=\"100%\" viewBox=\"0 0 32 32\" xml:space=\"preserve\" style=\"fill-rule:evenodd;clip-rule:evenodd;stroke-linejoin:round;stroke-miterlimit:1.41421;\"><rect id=\"Rectangle-path\" x=\"0\" y=\"0.035\" width=\"32\" height=\"32\" style=\"fill:none;\"><\/rect><path d=\"M16,16c4.419,0 8,-3.581 8,-8c0,-4.419 -3.581,-8 -8,-8c-4.419,0 -8,3.581 -8,8c0,4.419 3.581,8 8,8Zm5.6,2l-1.044,0c-1.387,0.637 -2.931,1 -4.556,1c-1.625,0 -3.162,-0.363 -4.556,-1l-1.044,0c-4.637,0 -8.4,3.762 -8.4,8.4l0,2.6c0,1.656 1.344,3 3,3l22,0c1.656,0 3,-1.344 3,-3l0,-2.6c0,-4.637 -3.762,-8.4 -8.4,-8.4Z\" style=\"fill-rule:nonzero;\"><\/path><\/svg>\t\t\t\t<\/span>\n\t\t\t<\/div>\n\t\t\t\n\t\t\t\t\t\t<div class=\"elementor-icon-box-content\">\n\n\t\t\t\t\t\t\t\t\t<h3 class=\"elementor-icon-box-title\">\n\t\t\t\t\t\t<span  >\n\t\t\t\t\t\t\tRita Elvira Sinibaldi\t\t\t\t\t\t<\/span>\n\t\t\t\t\t<\/h3>\n\t\t\t\t\n\t\t\t\t\n\t\t\t<\/div>\n\t\t\t\n\t\t<\/div>\n\t\t\t\t\t\t<\/div>\n\t\t\t\t<\/div>\n\t\t\t\t\t<\/div>\n\t\t<\/div>\n\t\t\t\t<div class=\"has_eae_slider elementor-column elementor-col-33 elementor-inner-column elementor-element elementor-element-4c6185d\" data-eae-slider=\"92237\" data-id=\"4c6185d\" data-element_type=\"column\">\n\t\t\t<div class=\"elementor-widget-wrap elementor-element-populated\">\n\t\t\t\t\t\t<div class=\"elementor-element elementor-element-4164b51 elementor-position-left elementor-view-default elementor-mobile-position-top elementor-widget elementor-widget-icon-box\" data-id=\"4164b51\" data-element_type=\"widget\" data-widget_type=\"icon-box.default\">\n\t\t\t\t<div class=\"elementor-widget-container\">\n\t\t\t\t\t\t\t<div class=\"elementor-icon-box-wrapper\">\n\n\t\t\t\t\t\t<div class=\"elementor-icon-box-icon\">\n\t\t\t\t<span  class=\"elementor-icon\">\n\t\t\t\t<svg xmlns=\"http:\/\/www.w3.org\/2000\/svg\" xmlns:xlink=\"http:\/\/www.w3.org\/1999\/xlink\" xmlns:serif=\"http:\/\/www.serif.com\/\" width=\"100%\" height=\"100%\" viewBox=\"0 0 32 32\" xml:space=\"preserve\" style=\"fill-rule:evenodd;clip-rule:evenodd;stroke-linejoin:round;stroke-miterlimit:1.41421;\"><rect id=\"Rectangle-path\" x=\"0\" y=\"0.035\" width=\"32\" height=\"32\" style=\"fill:none;\"><\/rect><path d=\"M16,16c4.419,0 8,-3.581 8,-8c0,-4.419 -3.581,-8 -8,-8c-4.419,0 -8,3.581 -8,8c0,4.419 3.581,8 8,8Zm5.6,2l-1.044,0c-1.387,0.637 -2.931,1 -4.556,1c-1.625,0 -3.162,-0.363 -4.556,-1l-1.044,0c-4.637,0 -8.4,3.762 -8.4,8.4l0,2.6c0,1.656 1.344,3 3,3l22,0c1.656,0 3,-1.344 3,-3l0,-2.6c0,-4.637 -3.762,-8.4 -8.4,-8.4Z\" style=\"fill-rule:nonzero;\"><\/path><\/svg>\t\t\t\t<\/span>\n\t\t\t<\/div>\n\t\t\t\n\t\t\t\t\t\t<div class=\"elementor-icon-box-content\">\n\n\t\t\t\t\t\t\t\t\t<h3 class=\"elementor-icon-box-title\">\n\t\t\t\t\t\t<span  >\n\t\t\t\t\t\t\tAmerigo Tomaro\t\t\t\t\t\t<\/span>\n\t\t\t\t\t<\/h3>\n\t\t\t\t\n\t\t\t\t\n\t\t\t<\/div>\n\t\t\t\n\t\t<\/div>\n\t\t\t\t\t\t<\/div>\n\t\t\t\t<\/div>\n\t\t\t\t\t<\/div>\n\t\t<\/div>\n\t\t\t\t\t<\/div>\n\t\t<\/section>\n\t\t\t\t\t<\/div>\n\t\t<\/div>\n\t\t\t\t\t<\/div>\n\t\t<\/section>\n\t\t\t\t<\/div>\n\t\t","protected":false},"excerpt":{"rendered":"<p>Home Scuola Le persone Dr. Domenico Petrucci Direttore S.G.A. Dettagli della persona Cosa fa Organizzazione e contatti Cosa fa Il Direttore dei Servizi Generali e Amministrativi, noto con l\u2019acronimo di DSGA, \u00e8 una figura che fa parte dell\u2019organico delle scuole di ogni ordine e grado. Si tratta di un particolare profilo professionale che si occupa [&hellip;]<\/p>\n","protected":false},"author":1,"featured_media":0,"parent":18989,"menu_order":0,"comment_status":"closed","ping_status":"closed","template":"elementor_header_footer","meta":{"footnotes":""},"class_list":["post-21075","page","type-page","status-publish","hentry"],"_links":{"self":[{"href":"https:\/\/www.iissbojano.edu.it\/site\/wp-json\/wp\/v2\/pages\/21075","targetHints":{"allow":["GET"]}}],"collection":[{"href":"https:\/\/www.iissbojano.edu.it\/site\/wp-json\/wp\/v2\/pages"}],"about":[{"href":"https:\/\/www.iissbojano.edu.it\/site\/wp-json\/wp\/v2\/types\/page"}],"author":[{"embeddable":true,"href":"https:\/\/www.iissbojano.edu.it\/site\/wp-json\/wp\/v2\/users\/1"}],"replies":[{"embeddable":true,"href":"https:\/\/www.iissbojano.edu.it\/site\/wp-json\/wp\/v2\/comments?post=21075"}],"version-history":[{"count":22,"href":"https:\/\/www.iissbojano.edu.it\/site\/wp-json\/wp\/v2\/pages\/21075\/revisions"}],"predecessor-version":[{"id":24177,"href":"https:\/\/www.iissbojano.edu.it\/site\/wp-json\/wp\/v2\/pages\/21075\/revisions\/24177"}],"up":[{"embeddable":true,"href":"https:\/\/www.iissbojano.edu.it\/site\/wp-json\/wp\/v2\/pages\/18989"}],"wp:attachment":[{"href":"https:\/\/www.iissbojano.edu.it\/site\/wp-json\/wp\/v2\/media?parent=21075"}],"curies":[{"name":"wp","href":"https:\/\/api.w.org\/{rel}","templated":true}]}}